{"id":17338,"date":"2024-02-10T12:47:27","date_gmt":"2024-02-10T11:47:27","guid":{"rendered":"https:\/\/glasstylist.com\/shop\/senza-categoria\/fobico-3\/"},"modified":"2024-03-01T11:17:54","modified_gmt":"2024-03-01T10:17:54","slug":"fobico-3","status":"publish","type":"product","link":"https:\/\/glasstylist.com\/en\/shop\/dandys\/fobico-3\/","title":{"rendered":"FOBICO"},"content":{"rendered":"<h4>Dandy\u2019s &#8211; Fobico<\/h4>\n<p>Un occhiale che dura nel tempo, segnando il tempo di chi lo indossa. Scegliere il proprio stile \u00e8 decidere, ogni giorno, come ci si presenter\u00e0 agli altri. Noi cerchiamo bellezza ed eleganza, luci ed ombre. Mostrare i propri difetti richiede coraggio e tanto amor proprio. Ogni segno ci d\u00e0 la possibilit\u00e0 di sentirci unici e differenti, tutte le imperfezioni della lastra originale sono visibili, \u00e8 viva, non patinata. Dandy\u2019s \u00e8 la Dedizione con cui viene realizzato il prodotto, il carattere Deciso di chi indossa questi occhiali, la Determinazione di guardare sempre ad un nuovo obiettivo.<\/p>\n<p><a href=\"https:\/\/glasstylist.com\/catalogo\/dandys\/\" target=\"_blank\" rel=\"noopener\">Guarda l&#8217;intero catalogo Dandy&#8217;s<\/a><\/p>\n","protected":false},"excerpt":{"rendered":"<p>Fobico \u00e8 quel cugino con cui hai giocato dalla nonna, che un po\u2019 odiavi e un po\u2019 ammiravi. Oggi puoi sceglierlo come buon amico, quello che ti conosce da una vita e con cui fai le risse.<\/p>\n","protected":false},"featured_media":17225,"template":"","meta":{"_acf_changed":false},"product_brand":[],"product_cat":[146],"product_tag":[305,722,182,444,411,169,446,447],"class_list":{"0":"post-17338","1":"product","2":"type-product","3":"status-publish","4":"has-post-thumbnail","6":"product_cat-dandys","7":"product_tag-acetato","8":"product_tag-alla-ricerca-della-personalita","9":"product_tag-design","10":"product_tag-estetica","11":"product_tag-handmade-in-veneto","12":"product_tag-made-in-italy","13":"product_tag-manifattura","14":"product_tag-stile","16":"first","17":"instock","18":"shipping-taxable","19":"purchasable","20":"product-type-simple"},"acf":[],"_links":{"self":[{"href":"https:\/\/glasstylist.com\/en\/wp-json\/wp\/v2\/product\/17338","targetHints":{"allow":["GET"]}}],"collection":[{"href":"https:\/\/glasstylist.com\/en\/wp-json\/wp\/v2\/product"}],"about":[{"href":"https:\/\/glasstylist.com\/en\/wp-json\/wp\/v2\/types\/product"}],"wp:featuredmedia":[{"embeddable":true,"href":"https:\/\/glasstylist.com\/en\/wp-json\/wp\/v2\/media\/17225"}],"wp:attachment":[{"href":"https:\/\/glasstylist.com\/en\/wp-json\/wp\/v2\/media?parent=17338"}],"wp:term":[{"taxonomy":"product_brand","embeddable":true,"href":"https:\/\/glasstylist.com\/en\/wp-json\/wp\/v2\/product_brand?post=17338"},{"taxonomy":"product_cat","embeddable":true,"href":"https:\/\/glasstylist.com\/en\/wp-json\/wp\/v2\/product_cat?post=17338"},{"taxonomy":"product_tag","embeddable":true,"href":"https:\/\/glasstylist.com\/en\/wp-json\/wp\/v2\/product_tag?post=17338"}],"curies":[{"name":"wp","href":"https:\/\/api.w.org\/{rel}","templated":true}]}}