{"id":18346,"date":"2024-02-28T17:52:25","date_gmt":"2024-02-28T16:52:25","guid":{"rendered":"https:\/\/glasstylist.com\/shop\/senza-categoria\/96s\/"},"modified":"2025-10-08T11:19:37","modified_gmt":"2025-10-08T09:19:37","slug":"96s","status":"publish","type":"product","link":"https:\/\/glasstylist.com\/en\/shop\/lamarca\/96s\/","title":{"rendered":"96S"},"content":{"rendered":"<h4>Lamarca &#8211; Linea Profili &#8211; 96S<\/h4>\n<p>Lamarca \u00e8 un brand nato per disegnare e produrre occhiali in acetato ad alto contenuto tecnico, di design e di comfort per realizzare un prodotto unico, bello da vedere e comodo da indossare.<br \/>\nProgettiamo occhiali che risvegliano i sensi del tatto e della vista. Si fanno desiderare per la loro estetica, si fanno apprezzare per la loro comodit\u00e0.<br \/>\nCalzano senza pesare, perch\u00e9 rispettano l\u2019ergonomia del viso.<br \/>\nLa nostra abilit\u00e0 sta nel trovare combinazioni di colore nuove, che valorizzino la forma dell\u2019occhiale e piacciano per la loro freschezza.<br \/>\n\u00c8 la nostra parte pi\u00f9 creativa, quella che si sente libera di esprimersi e di osare. \u00c8 quella che arriva prima negli occhi e nel cuore di chi ci segue.<br \/>\nUtilizziamo i processi dell\u2019incollaggio e quello della termoformatura per trasformare il colore; con la tecnica della diamantatura regaliamo agli occhiali elementi di luce.<\/p>\n<p><a href=\"https:\/\/glasstylist.com\/catalogo\/lamarca\/\" target=\"_blank\" rel=\"noopener\">Guarda l&#8217;intero catalogo Lamarca<\/a><\/p>\n","protected":false},"excerpt":{"rendered":"<p>Lamarca &#8211; Linea Profili &#8211; 96S: La vera qualit\u00e0 la sentite addosso ogni giorno e ha il sapore del primo incontro: indossate un occhiale Lamarca e vi stupite, perch\u00e9 sembra disegnato per voi.<br \/>\n\u00c8 questo che ricerchiamo!<br \/>\nVi seduciamo semplicemente, dolcemente, con un colore o un dettaglio sulla vostra montatura.<\/p>\n","protected":false},"featured_media":17881,"template":"","meta":{"_acf_changed":false},"product_brand":[],"product_cat":[801],"product_tag":[722,802,409,182,169,445,803],"class_list":{"0":"post-18346","1":"product","2":"type-product","3":"status-publish","4":"has-post-thumbnail","6":"product_cat-lamarca","7":"product_tag-alla-ricerca-della-personalita","8":"product_tag-colore","9":"product_tag-creativita","10":"product_tag-design","11":"product_tag-made-in-italy","12":"product_tag-made-in-veneto","13":"product_tag-sentimento","15":"first","16":"instock","17":"featured","18":"shipping-taxable","19":"purchasable","20":"product-type-simple"},"acf":[],"_links":{"self":[{"href":"https:\/\/glasstylist.com\/en\/wp-json\/wp\/v2\/product\/18346","targetHints":{"allow":["GET"]}}],"collection":[{"href":"https:\/\/glasstylist.com\/en\/wp-json\/wp\/v2\/product"}],"about":[{"href":"https:\/\/glasstylist.com\/en\/wp-json\/wp\/v2\/types\/product"}],"wp:featuredmedia":[{"embeddable":true,"href":"https:\/\/glasstylist.com\/en\/wp-json\/wp\/v2\/media\/17881"}],"wp:attachment":[{"href":"https:\/\/glasstylist.com\/en\/wp-json\/wp\/v2\/media?parent=18346"}],"wp:term":[{"taxonomy":"product_brand","embeddable":true,"href":"https:\/\/glasstylist.com\/en\/wp-json\/wp\/v2\/product_brand?post=18346"},{"taxonomy":"product_cat","embeddable":true,"href":"https:\/\/glasstylist.com\/en\/wp-json\/wp\/v2\/product_cat?post=18346"},{"taxonomy":"product_tag","embeddable":true,"href":"https:\/\/glasstylist.com\/en\/wp-json\/wp\/v2\/product_tag?post=18346"}],"curies":[{"name":"wp","href":"https:\/\/api.w.org\/{rel}","templated":true}]}}