{"id":18839,"date":"2024-04-07T18:27:31","date_gmt":"2024-04-07T16:27:31","guid":{"rendered":"https:\/\/glasstylist.com\/shop\/senza-categoria\/paradisia\/"},"modified":"2026-04-03T14:26:08","modified_gmt":"2026-04-03T12:26:08","slug":"paradisia","status":"publish","type":"product","link":"https:\/\/glasstylist.com\/en\/shop\/oscar-mamooi\/paradisia\/","title":{"rendered":"Paradisia"},"content":{"rendered":"<h3>Paradisia \u2013 Collezione Iceland<\/h3>\n<p>Partendo dalla natura come fonte di ispirazione, si utilizzano tecnologie avanzate, come la termoformatura, per dare vita alla collezione. Indossare la collezione Iceland \u00e8 come passeggiare su una strada asfaltata e ritrovarsi improvvisamente coi piedi nella neve. Forme irregolari che ricordano il rapporto tra l\u2019uomo e la natura, montature asimmetriche come l\u2019imprevedibilit\u00e0 degli iceberg ma lisce come il ghiaccio<\/p>\n<p><a href=\"https:\/\/glasstylist.com\/catalogo\/oscar-mamooi\/\" target=\"_blank\" rel=\"noopener\">Guarda l\u2019intero catalogo Oscar Mamooi<\/a><\/p>\n","protected":false},"excerpt":{"rendered":"<p>La principale fonte di ispirazione di Paradisia \u00e9 il bisogno di ritornare alla purezza della natura, interpretandola in chiave simbolica.<br \/>\nSi crea cos\u00ec un flusso energetico che d\u00e0 vita a linee sinuose e avvolgenti che racchiudono in s\u00e9 un design dall\u2019aspetto poetico e romantico.<\/p>\n","protected":false},"featured_media":18806,"template":"","meta":{"_acf_changed":false},"product_brand":[],"product_cat":[156],"product_tag":[182,308,169,323,479],"class_list":{"0":"post-18839","1":"product","2":"type-product","3":"status-publish","4":"has-post-thumbnail","6":"product_cat-oscar-mamooi","7":"product_tag-design","8":"product_tag-fashion","9":"product_tag-made-in-italy","10":"product_tag-oscar-mamoi","11":"product_tag-titanio","13":"first","14":"outofstock","15":"shipping-taxable","16":"purchasable","17":"product-type-simple"},"acf":[],"_links":{"self":[{"href":"https:\/\/glasstylist.com\/en\/wp-json\/wp\/v2\/product\/18839","targetHints":{"allow":["GET"]}}],"collection":[{"href":"https:\/\/glasstylist.com\/en\/wp-json\/wp\/v2\/product"}],"about":[{"href":"https:\/\/glasstylist.com\/en\/wp-json\/wp\/v2\/types\/product"}],"wp:featuredmedia":[{"embeddable":true,"href":"https:\/\/glasstylist.com\/en\/wp-json\/wp\/v2\/media\/18806"}],"wp:attachment":[{"href":"https:\/\/glasstylist.com\/en\/wp-json\/wp\/v2\/media?parent=18839"}],"wp:term":[{"taxonomy":"product_brand","embeddable":true,"href":"https:\/\/glasstylist.com\/en\/wp-json\/wp\/v2\/product_brand?post=18839"},{"taxonomy":"product_cat","embeddable":true,"href":"https:\/\/glasstylist.com\/en\/wp-json\/wp\/v2\/product_cat?post=18839"},{"taxonomy":"product_tag","embeddable":true,"href":"https:\/\/glasstylist.com\/en\/wp-json\/wp\/v2\/product_tag?post=18839"}],"curies":[{"name":"wp","href":"https:\/\/api.w.org\/{rel}","templated":true}]}}