{"id":19318,"date":"2024-07-02T14:42:22","date_gmt":"2024-07-02T12:42:22","guid":{"rendered":"https:\/\/glasstylist.com\/shop\/senza-categoria\/cafe-racer\/"},"modified":"2024-07-03T09:21:19","modified_gmt":"2024-07-03T07:21:19","slug":"cafe-racer","status":"publish","type":"product","link":"https:\/\/glasstylist.com\/en\/shop\/lunetterie_generale\/cafe-racer\/","title":{"rendered":"Caf\u00e9 Racer"},"content":{"rendered":"<h3>Caf\u00e9 Racer &#8211; Lunetterie G\u00e9n\u00e9rale<\/h3>\n<p>Ispirati dall&#8217;estetica di met\u00e0 secolo, dalle belle arti, dal cinema classico e dalla fotografia cinematografica, i design di Julien Couture emanano un fascino nostalgico e una semplicit\u00e0 che incarna uno stile vintage senza tempo. Al suo core, Lunetterie G\u00e9n\u00e9rale celebra l&#8217;artigianalit\u00e0 moderna onorando, al contempo, la raffinata eleganza del passato. \u00c8 per coloro che cercano di vivere la vita al massimo e scoprire il loro vero io.<\/p>\n<p><a href=\"https:\/\/glasstylist.com\/catalogo\/lunetterie_generale\/\" target=\"_blank\" rel=\"noopener\">Guarda l\u2019intero catalogo Lunetterie G\u00e9n\u00e9rale<\/a><\/p>\n","protected":false},"excerpt":{"rendered":"<p>A volte la strada sterrata \u00e8 l&#8217;unica strada. Dentro ognuno di noi c&#8217;\u00e8 sempre una voce che si alza per spingerci oltre i nostri limiti. Sta a noi rinunciare al controllo e lasciarci guidare per esplorare le coste, le montagne, i litorali e affrontare la strada dell&#8217;ignoto. Ispirandosi allo stile di vita delle corse, guidare una Caf\u00e9 Racer \u00e8 una delle forme pi\u00f9 pure di libert\u00e0 in questo mondo.<\/p>\n","protected":false},"featured_media":19229,"template":"","meta":{"_acf_changed":false},"product_brand":[],"product_cat":[875],"product_tag":[166,227,444,885,491,884,719],"class_list":{"0":"post-19318","1":"product","2":"type-product","3":"status-publish","4":"has-post-thumbnail","6":"product_cat-lunetterie_generale","7":"product_tag-artigianato","8":"product_tag-eleganza","9":"product_tag-estetica","10":"product_tag-lunetterie-generale","11":"product_tag-made-in-france","12":"product_tag-vintage-style","13":"product_tag-voglia-di-leggerezza","15":"first","16":"instock","17":"featured","18":"shipping-taxable","19":"purchasable","20":"product-type-variable","21":"has-default-attributes"},"acf":[],"_links":{"self":[{"href":"https:\/\/glasstylist.com\/en\/wp-json\/wp\/v2\/product\/19318","targetHints":{"allow":["GET"]}}],"collection":[{"href":"https:\/\/glasstylist.com\/en\/wp-json\/wp\/v2\/product"}],"about":[{"href":"https:\/\/glasstylist.com\/en\/wp-json\/wp\/v2\/types\/product"}],"wp:featuredmedia":[{"embeddable":true,"href":"https:\/\/glasstylist.com\/en\/wp-json\/wp\/v2\/media\/19229"}],"wp:attachment":[{"href":"https:\/\/glasstylist.com\/en\/wp-json\/wp\/v2\/media?parent=19318"}],"wp:term":[{"taxonomy":"product_brand","embeddable":true,"href":"https:\/\/glasstylist.com\/en\/wp-json\/wp\/v2\/product_brand?post=19318"},{"taxonomy":"product_cat","embeddable":true,"href":"https:\/\/glasstylist.com\/en\/wp-json\/wp\/v2\/product_cat?post=19318"},{"taxonomy":"product_tag","embeddable":true,"href":"https:\/\/glasstylist.com\/en\/wp-json\/wp\/v2\/product_tag?post=19318"}],"curies":[{"name":"wp","href":"https:\/\/api.w.org\/{rel}","templated":true}]}}