{"id":19320,"date":"2024-07-02T14:42:23","date_gmt":"2024-07-02T12:42:23","guid":{"rendered":"https:\/\/glasstylist.com\/shop\/senza-categoria\/dolce-vita\/"},"modified":"2024-07-02T15:09:21","modified_gmt":"2024-07-02T13:09:21","slug":"dolce-vita","status":"publish","type":"product","link":"https:\/\/glasstylist.com\/en\/shop\/lunetterie_generale\/dolce-vita\/","title":{"rendered":"Dolce Vita"},"content":{"rendered":"<h3>Dolce Vita \u2013 Lunetterie G\u00e9n\u00e9rale<\/h3>\n<p>Ispirati dall\u2019estetica di met\u00e0 secolo, dalle belle arti, dal cinema classico e dalla fotografia cinematografica, i design di Julien Couture emanano un fascino nostalgico e una semplicit\u00e0 che incarna uno stile vintage senza tempo. Al suo core, Lunetterie G\u00e9n\u00e9rale celebra l\u2019artigianalit\u00e0 moderna onorando, al contempo, la raffinata eleganza del passato. \u00c8 per coloro che cercano di vivere la vita al massimo e scoprire il loro vero io.<\/p>\n<p><a href=\"https:\/\/glasstylist.com\/catalogo\/lunetterie_generale\/\" target=\"_blank\" rel=\"noopener\">Guarda l\u2019intero catalogo Lunetterie G\u00e9n\u00e9rale<\/a><\/p>\n","protected":false},"excerpt":{"rendered":"<p>La Dolce Vita \u00e8 quella meravigliosa sensazione di libert\u00e0 romantica dove tutto \u00e8 possibile e dove anche le idee pi\u00f9 audaci portano nuove opportunit\u00e0 e una possibilit\u00e0 di scoperta. Con colori rinfrescanti e una classica forma panthos, questa montatura vintage senza tempo evoca il fascino mediterraneo dei villaggi costieri dove la vita sembra cos\u00ec semplice, autentica e il tempo sembra rallentare.<\/p>\n","protected":false},"featured_media":19247,"template":"","meta":{"_acf_changed":false},"product_brand":[],"product_cat":[875],"product_tag":[166,227,444,885,491,884],"class_list":{"0":"post-19320","1":"product","2":"type-product","3":"status-publish","4":"has-post-thumbnail","6":"product_cat-lunetterie_generale","7":"product_tag-artigianato","8":"product_tag-eleganza","9":"product_tag-estetica","10":"product_tag-lunetterie-generale","11":"product_tag-made-in-france","12":"product_tag-vintage-style","14":"first","15":"instock","16":"shipping-taxable","17":"purchasable","18":"product-type-simple"},"acf":[],"_links":{"self":[{"href":"https:\/\/glasstylist.com\/en\/wp-json\/wp\/v2\/product\/19320","targetHints":{"allow":["GET"]}}],"collection":[{"href":"https:\/\/glasstylist.com\/en\/wp-json\/wp\/v2\/product"}],"about":[{"href":"https:\/\/glasstylist.com\/en\/wp-json\/wp\/v2\/types\/product"}],"wp:featuredmedia":[{"embeddable":true,"href":"https:\/\/glasstylist.com\/en\/wp-json\/wp\/v2\/media\/19247"}],"wp:attachment":[{"href":"https:\/\/glasstylist.com\/en\/wp-json\/wp\/v2\/media?parent=19320"}],"wp:term":[{"taxonomy":"product_brand","embeddable":true,"href":"https:\/\/glasstylist.com\/en\/wp-json\/wp\/v2\/product_brand?post=19320"},{"taxonomy":"product_cat","embeddable":true,"href":"https:\/\/glasstylist.com\/en\/wp-json\/wp\/v2\/product_cat?post=19320"},{"taxonomy":"product_tag","embeddable":true,"href":"https:\/\/glasstylist.com\/en\/wp-json\/wp\/v2\/product_tag?post=19320"}],"curies":[{"name":"wp","href":"https:\/\/api.w.org\/{rel}","templated":true}]}}