{"id":19322,"date":"2024-07-02T14:42:24","date_gmt":"2024-07-02T12:42:24","guid":{"rendered":"https:\/\/glasstylist.com\/shop\/senza-categoria\/cognac\/"},"modified":"2025-10-03T12:07:46","modified_gmt":"2025-10-03T10:07:46","slug":"cognac","status":"publish","type":"product","link":"https:\/\/glasstylist.com\/en\/shop\/lunetterie_generale\/cognac\/","title":{"rendered":"Cognac"},"content":{"rendered":"<h3>Cognac \u2013 Lunetterie G\u00e9n\u00e9rale<\/h3>\n<p>Ispirati dall\u2019estetica di met\u00e0 secolo, dalle belle arti, dal cinema classico e dalla fotografia cinematografica, i design di Julien Couture emanano un fascino nostalgico e una semplicit\u00e0 che incarna uno stile vintage senza tempo. Al suo core, Lunetterie G\u00e9n\u00e9rale celebra l\u2019artigianalit\u00e0 moderna onorando, al contempo, la raffinata eleganza del passato. \u00c8 per coloro che cercano di vivere la vita al massimo e scoprire il loro vero io.<\/p>\n<p><a href=\"https:\/\/glasstylist.com\/catalogo\/lunetterie_generale\/\" target=\"_blank\" rel=\"noopener\">Guarda l\u2019intero catalogo Lunetterie G\u00e9n\u00e9rale<\/a><\/p>\n","protected":false},"excerpt":{"rendered":"<p>Se lo spirito del rinnovamento \u00e8 quel che vai cercando, allora il Cognac \u00e8 fatto per te. Questo pregiato acetato giapponese ti doner\u00e0 carattere e magnetismo. Il Cognac esprime avanguardia e audacia ed \u00e8 concepito per il vero intellettuale e l&#8217;avventuriero.<\/p>\n","protected":false},"featured_media":19265,"template":"","meta":{"_acf_changed":false},"product_brand":[],"product_cat":[875],"product_tag":[166,227,444,885,491,884],"class_list":{"0":"post-19322","1":"product","2":"type-product","3":"status-publish","4":"has-post-thumbnail","6":"product_cat-lunetterie_generale","7":"product_tag-artigianato","8":"product_tag-eleganza","9":"product_tag-estetica","10":"product_tag-lunetterie-generale","11":"product_tag-made-in-france","12":"product_tag-vintage-style","14":"first","15":"instock","16":"shipping-taxable","17":"purchasable","18":"product-type-variable","19":"has-default-attributes"},"acf":[],"_links":{"self":[{"href":"https:\/\/glasstylist.com\/en\/wp-json\/wp\/v2\/product\/19322","targetHints":{"allow":["GET"]}}],"collection":[{"href":"https:\/\/glasstylist.com\/en\/wp-json\/wp\/v2\/product"}],"about":[{"href":"https:\/\/glasstylist.com\/en\/wp-json\/wp\/v2\/types\/product"}],"wp:featuredmedia":[{"embeddable":true,"href":"https:\/\/glasstylist.com\/en\/wp-json\/wp\/v2\/media\/19265"}],"wp:attachment":[{"href":"https:\/\/glasstylist.com\/en\/wp-json\/wp\/v2\/media?parent=19322"}],"wp:term":[{"taxonomy":"product_brand","embeddable":true,"href":"https:\/\/glasstylist.com\/en\/wp-json\/wp\/v2\/product_brand?post=19322"},{"taxonomy":"product_cat","embeddable":true,"href":"https:\/\/glasstylist.com\/en\/wp-json\/wp\/v2\/product_cat?post=19322"},{"taxonomy":"product_tag","embeddable":true,"href":"https:\/\/glasstylist.com\/en\/wp-json\/wp\/v2\/product_tag?post=19322"}],"curies":[{"name":"wp","href":"https:\/\/api.w.org\/{rel}","templated":true}]}}