{"id":19718,"date":"2025-04-21T15:44:39","date_gmt":"2025-04-21T13:44:39","guid":{"rendered":"https:\/\/glasstylist.com\/shop\/senza-categoria\/ginevra-s\/"},"modified":"2026-04-08T15:46:02","modified_gmt":"2026-04-08T13:46:02","slug":"ginevra-s","status":"publish","type":"product","link":"https:\/\/glasstylist.com\/en\/shop\/nobika\/ginevra-s\/","title":{"rendered":"Ginevra\/S"},"content":{"rendered":"<h3>Nobika\u2013 Ginevra\/S<\/h3>\n<p>Un occhiale NOB\u00ecKA racconta molto di s\u00e8. Della sua storia. Della sua innovazione. Del suo stile. Nasce dal Design e dalla Ricerca Italiana e viene realizzato a mano da selezionati Maestri Artigiani Giapponesi che lo plasmano a regola d\u2019arte rendendolo un esemplare unico e inimitabile.<\/p>\n<p><a href=\"https:\/\/glasstylist.com\/catalogo\/nobika\/\" target=\"_blank\" rel=\"noopener\">Guarda l\u2019intero catalogo Nobika<\/a><\/p>\n","protected":false},"excerpt":{"rendered":"<p>Creativit\u00e0 Italiana, Eccellenza Giapponese. Questo \u00e8 lo stile NOB\u00ecKA. Memorabile. Come te.<\/p>\n","protected":false},"featured_media":19616,"template":"","meta":{"_acf_changed":false},"product_brand":[],"product_cat":[155],"product_tag":[340,182,229,395],"class_list":{"0":"post-19718","1":"product","2":"type-product","3":"status-publish","4":"has-post-thumbnail","6":"product_cat-nobika","7":"product_tag-acetato-giapponese","8":"product_tag-design","9":"product_tag-innovazione","10":"product_tag-unicita","12":"first","13":"instock","14":"featured","15":"shipping-taxable","16":"purchasable","17":"product-type-simple"},"acf":[],"_links":{"self":[{"href":"https:\/\/glasstylist.com\/en\/wp-json\/wp\/v2\/product\/19718","targetHints":{"allow":["GET"]}}],"collection":[{"href":"https:\/\/glasstylist.com\/en\/wp-json\/wp\/v2\/product"}],"about":[{"href":"https:\/\/glasstylist.com\/en\/wp-json\/wp\/v2\/types\/product"}],"wp:featuredmedia":[{"embeddable":true,"href":"https:\/\/glasstylist.com\/en\/wp-json\/wp\/v2\/media\/19616"}],"wp:attachment":[{"href":"https:\/\/glasstylist.com\/en\/wp-json\/wp\/v2\/media?parent=19718"}],"wp:term":[{"taxonomy":"product_brand","embeddable":true,"href":"https:\/\/glasstylist.com\/en\/wp-json\/wp\/v2\/product_brand?post=19718"},{"taxonomy":"product_cat","embeddable":true,"href":"https:\/\/glasstylist.com\/en\/wp-json\/wp\/v2\/product_cat?post=19718"},{"taxonomy":"product_tag","embeddable":true,"href":"https:\/\/glasstylist.com\/en\/wp-json\/wp\/v2\/product_tag?post=19718"}],"curies":[{"name":"wp","href":"https:\/\/api.w.org\/{rel}","templated":true}]}}