{"id":19721,"date":"2025-04-21T15:44:42","date_gmt":"2025-04-21T13:44:42","guid":{"rendered":"https:\/\/glasstylist.com\/shop\/senza-categoria\/bartolomeo\/"},"modified":"2025-04-21T16:24:05","modified_gmt":"2025-04-21T14:24:05","slug":"bartolomeo","status":"publish","type":"product","link":"https:\/\/glasstylist.com\/en\/shop\/nobika\/bartolomeo\/","title":{"rendered":"Bartolomeo"},"content":{"rendered":"<h3>Nobika\u2013 Bartolomeo<\/h3>\n<p>Un occhiale NOB\u00ecKA racconta molto di s\u00e8. Della sua storia. Della sua innovazione. Del suo stile. Nasce dal Design e dalla Ricerca Italiana e viene realizzato a mano da selezionati Maestri Artigiani Giapponesi che lo plasmano a regola d\u2019arte rendendolo un esemplare unico e inimitabile.<\/p>\n<p><a href=\"https:\/\/glasstylist.com\/catalogo\/nobika\/\" target=\"_blank\" rel=\"noopener\">Guarda l\u2019intero catalogo Nobika<\/a><\/p>\n","protected":false},"excerpt":{"rendered":"<p>Creativit\u00e0 Italiana, Eccellenza Giapponese. Questo \u00e8 lo stile NOB\u00ecKA. Memorabile. Come te.<\/p>\n","protected":false},"featured_media":19634,"template":"","meta":{"_acf_changed":false},"product_brand":[],"product_cat":[155],"product_tag":[340,182,229,395],"class_list":{"0":"post-19721","1":"product","2":"type-product","3":"status-publish","4":"has-post-thumbnail","6":"product_cat-nobika","7":"product_tag-acetato-giapponese","8":"product_tag-design","9":"product_tag-innovazione","10":"product_tag-unicita","12":"first","13":"instock","14":"shipping-taxable","15":"purchasable","16":"product-type-simple"},"acf":[],"_links":{"self":[{"href":"https:\/\/glasstylist.com\/en\/wp-json\/wp\/v2\/product\/19721","targetHints":{"allow":["GET"]}}],"collection":[{"href":"https:\/\/glasstylist.com\/en\/wp-json\/wp\/v2\/product"}],"about":[{"href":"https:\/\/glasstylist.com\/en\/wp-json\/wp\/v2\/types\/product"}],"wp:featuredmedia":[{"embeddable":true,"href":"https:\/\/glasstylist.com\/en\/wp-json\/wp\/v2\/media\/19634"}],"wp:attachment":[{"href":"https:\/\/glasstylist.com\/en\/wp-json\/wp\/v2\/media?parent=19721"}],"wp:term":[{"taxonomy":"product_brand","embeddable":true,"href":"https:\/\/glasstylist.com\/en\/wp-json\/wp\/v2\/product_brand?post=19721"},{"taxonomy":"product_cat","embeddable":true,"href":"https:\/\/glasstylist.com\/en\/wp-json\/wp\/v2\/product_cat?post=19721"},{"taxonomy":"product_tag","embeddable":true,"href":"https:\/\/glasstylist.com\/en\/wp-json\/wp\/v2\/product_tag?post=19721"}],"curies":[{"name":"wp","href":"https:\/\/api.w.org\/{rel}","templated":true}]}}