{"id":19730,"date":"2025-04-21T15:44:46","date_gmt":"2025-04-21T13:44:46","guid":{"rendered":"https:\/\/glasstylist.com\/shop\/senza-categoria\/bernardo\/"},"modified":"2025-04-21T15:56:21","modified_gmt":"2025-04-21T13:56:21","slug":"bernardo","status":"publish","type":"product","link":"https:\/\/glasstylist.com\/en\/shop\/nobika\/bernardo\/","title":{"rendered":"Bernardo"},"content":{"rendered":"<h3>Nobika\u2013 Bernardo<\/h3>\n<p>Un occhiale NOB\u00ecKA racconta molto di s\u00e8. Della sua storia. Della sua innovazione. Del suo stile. Nasce dal Design e dalla Ricerca Italiana e viene realizzato a mano da selezionati Maestri Artigiani Giapponesi che lo plasmano a regola d\u2019arte rendendolo un esemplare unico e inimitabile.<\/p>\n<p><a href=\"https:\/\/glasstylist.com\/catalogo\/nobika\/\" target=\"_blank\" rel=\"noopener\">Guarda l\u2019intero catalogo Nobika<\/a><\/p>\n","protected":false},"excerpt":{"rendered":"<p>Creativit\u00e0 Italiana, Eccellenza Giapponese. Questo \u00e8 lo stile NOB\u00ecKA. Memorabile. Come te.<\/p>\n","protected":false},"featured_media":19710,"template":"","meta":{"_acf_changed":false},"product_brand":[],"product_cat":[155],"product_tag":[340,182,229,395],"class_list":{"0":"post-19730","1":"product","2":"type-product","3":"status-publish","4":"has-post-thumbnail","6":"product_cat-nobika","7":"product_tag-acetato-giapponese","8":"product_tag-design","9":"product_tag-innovazione","10":"product_tag-unicita","12":"first","13":"instock","14":"shipping-taxable","15":"purchasable","16":"product-type-variable","17":"has-default-attributes"},"acf":[],"_links":{"self":[{"href":"https:\/\/glasstylist.com\/en\/wp-json\/wp\/v2\/product\/19730","targetHints":{"allow":["GET"]}}],"collection":[{"href":"https:\/\/glasstylist.com\/en\/wp-json\/wp\/v2\/product"}],"about":[{"href":"https:\/\/glasstylist.com\/en\/wp-json\/wp\/v2\/types\/product"}],"wp:featuredmedia":[{"embeddable":true,"href":"https:\/\/glasstylist.com\/en\/wp-json\/wp\/v2\/media\/19710"}],"wp:attachment":[{"href":"https:\/\/glasstylist.com\/en\/wp-json\/wp\/v2\/media?parent=19730"}],"wp:term":[{"taxonomy":"product_brand","embeddable":true,"href":"https:\/\/glasstylist.com\/en\/wp-json\/wp\/v2\/product_brand?post=19730"},{"taxonomy":"product_cat","embeddable":true,"href":"https:\/\/glasstylist.com\/en\/wp-json\/wp\/v2\/product_cat?post=19730"},{"taxonomy":"product_tag","embeddable":true,"href":"https:\/\/glasstylist.com\/en\/wp-json\/wp\/v2\/product_tag?post=19730"}],"curies":[{"name":"wp","href":"https:\/\/api.w.org\/{rel}","templated":true}]}}