{"id":20036,"date":"2026-04-08T14:41:09","date_gmt":"2026-04-08T12:41:09","guid":{"rendered":"https:\/\/glasstylist.com\/shop\/senza-categoria\/desired\/"},"modified":"2026-04-08T15:08:25","modified_gmt":"2026-04-08T13:08:25","slug":"desired","status":"publish","type":"product","link":"https:\/\/glasstylist.com\/en\/shop\/oscar-mamooi\/desired\/","title":{"rendered":"Desired"},"content":{"rendered":"<h3>Oscar Mamooi \u2013 Desired<\/h3>\n<p>Partendo dalla natura come fonte di ispirazione, si utilizzano tecnologie avanzate, come la termoformatura, per dare vita alle collezione. Forme irregolari che ricordano il rapporto tra l&#8217;uomo e la natura, montature asimmetriche come l&#8217;imprevedibilit\u00e0 degli elementi naturali ma lisce come pietre levigate dall&#8217;acqua.<\/p>\n<p><a href=\"https:\/\/glasstylist.com\/catalogo\/oscar-mamooi\/\" target=\"_blank\" rel=\"noopener\">Guarda l\u2019intero catalogo Oscar Mamooi<\/a><\/p>\n","protected":false},"excerpt":{"rendered":"<p>Personalit\u00e0 irriverente dai look estremamente audaci: solo chi \u00e8 in grado di immaginare cose folli sar\u00e0 in grado di creare cose inimmaginabili &#8211; Oscar Mamooi<\/p>\n","protected":false},"featured_media":19906,"template":"","meta":{"_acf_changed":false},"product_brand":[],"product_cat":[156],"product_tag":[182,308,169],"class_list":{"0":"post-20036","1":"product","2":"type-product","3":"status-publish","4":"has-post-thumbnail","6":"product_cat-oscar-mamooi","7":"product_tag-design","8":"product_tag-fashion","9":"product_tag-made-in-italy","11":"first","12":"instock","13":"shipping-taxable","14":"purchasable","15":"product-type-simple"},"acf":[],"_links":{"self":[{"href":"https:\/\/glasstylist.com\/en\/wp-json\/wp\/v2\/product\/20036","targetHints":{"allow":["GET"]}}],"collection":[{"href":"https:\/\/glasstylist.com\/en\/wp-json\/wp\/v2\/product"}],"about":[{"href":"https:\/\/glasstylist.com\/en\/wp-json\/wp\/v2\/types\/product"}],"wp:featuredmedia":[{"embeddable":true,"href":"https:\/\/glasstylist.com\/en\/wp-json\/wp\/v2\/media\/19906"}],"wp:attachment":[{"href":"https:\/\/glasstylist.com\/en\/wp-json\/wp\/v2\/media?parent=20036"}],"wp:term":[{"taxonomy":"product_brand","embeddable":true,"href":"https:\/\/glasstylist.com\/en\/wp-json\/wp\/v2\/product_brand?post=20036"},{"taxonomy":"product_cat","embeddable":true,"href":"https:\/\/glasstylist.com\/en\/wp-json\/wp\/v2\/product_cat?post=20036"},{"taxonomy":"product_tag","embeddable":true,"href":"https:\/\/glasstylist.com\/en\/wp-json\/wp\/v2\/product_tag?post=20036"}],"curies":[{"name":"wp","href":"https:\/\/api.w.org\/{rel}","templated":true}]}}