{"id":20160,"date":"2026-04-08T16:52:47","date_gmt":"2026-04-08T14:52:47","guid":{"rendered":"https:\/\/glasstylist.com\/shop\/senza-categoria\/joy-2\/"},"modified":"2026-04-08T16:57:49","modified_gmt":"2026-04-08T14:57:49","slug":"joy-2","status":"publish","type":"product","link":"https:\/\/glasstylist.com\/en\/shop\/pugnale-eyewear\/joy-2\/","title":{"rendered":"Joy"},"content":{"rendered":"<h3>Pugnale Eyewear \u2013 Joy:<\/h3>\n<p>Occhiali realizzati attraverso forme ed elementi che sono il cuore dell\u2019identit\u00e0 di Pugnale. Ogni pezzo pu\u00f2 essere considerato iconico e unico grazie al processo artigianale applicato.<\/p>\n<p><a href=\"https:\/\/glasstylist.com\/catalogo\/pugnale-eyewear\/\" target=\"_blank\" rel=\"noopener\">Guarda l\u2019intero catalogo Pugnale<\/a><\/p>\n","protected":false},"excerpt":{"rendered":"<p>Personalit\u00e0 irriverente dai look estremamente audaci: solo chi \u00e8 in grado di immaginare cose folli sar\u00e0 in grado di creare cose inimmaginabili &#8211; Oscar Mamooi<\/p>\n","protected":false},"featured_media":20145,"template":"","meta":{"_acf_changed":false},"product_brand":[],"product_cat":[159],"product_tag":[182,227,228,229,230,169],"class_list":{"0":"post-20160","1":"product","2":"type-product","3":"status-publish","4":"has-post-thumbnail","6":"product_cat-pugnale-eyewear","7":"product_tag-design","8":"product_tag-eleganza","9":"product_tag-industrial-design","10":"product_tag-innovazione","11":"product_tag-lusso","12":"product_tag-made-in-italy","14":"first","15":"instock","16":"shipping-taxable","17":"purchasable","18":"product-type-simple"},"acf":[],"_links":{"self":[{"href":"https:\/\/glasstylist.com\/en\/wp-json\/wp\/v2\/product\/20160","targetHints":{"allow":["GET"]}}],"collection":[{"href":"https:\/\/glasstylist.com\/en\/wp-json\/wp\/v2\/product"}],"about":[{"href":"https:\/\/glasstylist.com\/en\/wp-json\/wp\/v2\/types\/product"}],"wp:featuredmedia":[{"embeddable":true,"href":"https:\/\/glasstylist.com\/en\/wp-json\/wp\/v2\/media\/20145"}],"wp:attachment":[{"href":"https:\/\/glasstylist.com\/en\/wp-json\/wp\/v2\/media?parent=20160"}],"wp:term":[{"taxonomy":"product_brand","embeddable":true,"href":"https:\/\/glasstylist.com\/en\/wp-json\/wp\/v2\/product_brand?post=20160"},{"taxonomy":"product_cat","embeddable":true,"href":"https:\/\/glasstylist.com\/en\/wp-json\/wp\/v2\/product_cat?post=20160"},{"taxonomy":"product_tag","embeddable":true,"href":"https:\/\/glasstylist.com\/en\/wp-json\/wp\/v2\/product_tag?post=20160"}],"curies":[{"name":"wp","href":"https:\/\/api.w.org\/{rel}","templated":true}]}}