{"id":20185,"date":"2026-04-09T12:15:02","date_gmt":"2026-04-09T10:15:02","guid":{"rendered":"https:\/\/glasstylist.com\/shop\/senza-categoria\/cezanne-2\/"},"modified":"2026-04-09T12:53:30","modified_gmt":"2026-04-09T10:53:30","slug":"cezanne-2","status":"publish","type":"product","link":"https:\/\/glasstylist.com\/en\/shop\/henryjullien\/cezanne-2\/","title":{"rendered":"Cezanne"},"content":{"rendered":"<h3>Henry Jullien C\u00e8zanne \u2013 Oro Bianco<\/h3>\n<p>Collezione Doubl\u00e9 Or. La stessa forma geometrica del C\u00e8zanne in una versione dalla cromia pi\u00f9 fredda e contemporanea. L&#8217;oro bianco laminato \u00e8 integrato nel materiale base secondo la tecnica Doubl\u00e9 Or, tramandata da generazioni e praticata oggi da pochissimi produttori al mondo: autenticit\u00e0 certificata dai poin\u00e7on &#8220;Double Or 20\/000&#8221; o &#8220;Double Or 3 micron&#8221;.<\/p>\n<p><a href=\"https:\/\/glasstylist.com\/catalogo\/henryjullien\/\" target=\"_blank\" rel=\"noopener\">Guarda l&#8217;intera collezione Henry Jullien<\/a><\/p>\n","protected":false},"excerpt":{"rendered":"<p>Forma geometrica, proporzioni bilanciate, finitura Doubl\u00e9 Or: il C\u00e8zanne \u00e8 un occhiale da sole Henry Jullien che non ha bisogno di presentazioni.<\/p>\n","protected":false},"featured_media":20195,"template":"","meta":{"_acf_changed":false},"product_brand":[],"product_cat":[966],"product_tag":[466,968,969,491],"class_list":{"0":"post-20185","1":"product","2":"type-product","3":"status-publish","4":"has-post-thumbnail","6":"product_cat-henryjullien","7":"product_tag-artigianato-francese","8":"product_tag-double-or","9":"product_tag-lusso-discreto","10":"product_tag-made-in-france","12":"first","13":"instock","14":"shipping-taxable","15":"purchasable","16":"product-type-simple"},"acf":[],"_links":{"self":[{"href":"https:\/\/glasstylist.com\/en\/wp-json\/wp\/v2\/product\/20185","targetHints":{"allow":["GET"]}}],"collection":[{"href":"https:\/\/glasstylist.com\/en\/wp-json\/wp\/v2\/product"}],"about":[{"href":"https:\/\/glasstylist.com\/en\/wp-json\/wp\/v2\/types\/product"}],"wp:featuredmedia":[{"embeddable":true,"href":"https:\/\/glasstylist.com\/en\/wp-json\/wp\/v2\/media\/20195"}],"wp:attachment":[{"href":"https:\/\/glasstylist.com\/en\/wp-json\/wp\/v2\/media?parent=20185"}],"wp:term":[{"taxonomy":"product_brand","embeddable":true,"href":"https:\/\/glasstylist.com\/en\/wp-json\/wp\/v2\/product_brand?post=20185"},{"taxonomy":"product_cat","embeddable":true,"href":"https:\/\/glasstylist.com\/en\/wp-json\/wp\/v2\/product_cat?post=20185"},{"taxonomy":"product_tag","embeddable":true,"href":"https:\/\/glasstylist.com\/en\/wp-json\/wp\/v2\/product_tag?post=20185"}],"curies":[{"name":"wp","href":"https:\/\/api.w.org\/{rel}","templated":true}]}}