{"id":20186,"date":"2026-04-09T12:15:03","date_gmt":"2026-04-09T10:15:03","guid":{"rendered":"https:\/\/glasstylist.com\/shop\/senza-categoria\/cezanne-3\/"},"modified":"2026-04-09T12:51:40","modified_gmt":"2026-04-09T10:51:40","slug":"cezanne-3","status":"publish","type":"product","link":"https:\/\/glasstylist.com\/en\/shop\/henryjullien\/cezanne-3\/","title":{"rendered":"Cezanne"},"content":{"rendered":"<h3>Henry Jullien Cezanne \u2013 Metallo<\/h3>\n<p>Collezione Doubl\u00e9 Or. Una versione pi\u00f9 essenziale del C\u00e8zanne, in finitura metallica: stessa geometria, stesso equilibrio delle proporzioni, con un carattere pi\u00f9 discreto che non rinuncia alla qualit\u00e0 costruttiva della manifattura Henry Jullien. Per chi riconosce il valore senza che si annunci.<\/p>\n<p><a href=\"https:\/\/glasstylist.com\/catalogo\/henryjullien\/\" target=\"_blank\" rel=\"noopener\">Guarda l&#8217;intera collezione Henry Jullien<\/a><\/p>\n","protected":false},"excerpt":{"rendered":"<p>Forma geometrica, proporzioni bilanciate, finitura Doubl\u00e9 Or: il C\u00e8zanne \u00e8 un occhiale da sole Henry Jullien che non ha bisogno di presentazioni.<\/p>\n","protected":false},"featured_media":20201,"template":"","meta":{"_acf_changed":false},"product_brand":[],"product_cat":[966],"product_tag":[466,227,970,491],"class_list":{"0":"post-20186","1":"product","2":"type-product","3":"status-publish","4":"has-post-thumbnail","6":"product_cat-henryjullien","7":"product_tag-artigianato-francese","8":"product_tag-eleganza","9":"product_tag-henry-jullien","10":"product_tag-made-in-france","12":"first","13":"instock","14":"shipping-taxable","15":"purchasable","16":"product-type-simple"},"acf":[],"_links":{"self":[{"href":"https:\/\/glasstylist.com\/en\/wp-json\/wp\/v2\/product\/20186","targetHints":{"allow":["GET"]}}],"collection":[{"href":"https:\/\/glasstylist.com\/en\/wp-json\/wp\/v2\/product"}],"about":[{"href":"https:\/\/glasstylist.com\/en\/wp-json\/wp\/v2\/types\/product"}],"wp:featuredmedia":[{"embeddable":true,"href":"https:\/\/glasstylist.com\/en\/wp-json\/wp\/v2\/media\/20201"}],"wp:attachment":[{"href":"https:\/\/glasstylist.com\/en\/wp-json\/wp\/v2\/media?parent=20186"}],"wp:term":[{"taxonomy":"product_brand","embeddable":true,"href":"https:\/\/glasstylist.com\/en\/wp-json\/wp\/v2\/product_brand?post=20186"},{"taxonomy":"product_cat","embeddable":true,"href":"https:\/\/glasstylist.com\/en\/wp-json\/wp\/v2\/product_cat?post=20186"},{"taxonomy":"product_tag","embeddable":true,"href":"https:\/\/glasstylist.com\/en\/wp-json\/wp\/v2\/product_tag?post=20186"}],"curies":[{"name":"wp","href":"https:\/\/api.w.org\/{rel}","templated":true}]}}